{"id":1977,"date":"2015-06-23T11:03:30","date_gmt":"2015-06-23T10:03:30","guid":{"rendered":"http:\/\/katrinlanger.com\/?page_id=1977"},"modified":"2016-02-02T19:01:33","modified_gmt":"2016-02-02T18:01:33","slug":"kundeninformation","status":"publish","type":"page","link":"https:\/\/katrinlanger.com\/de\/kundeninformation\/","title":{"rendered":"Kundeninformation"},"content":{"rendered":"<h2>1. Anfrage und Bestellung<\/h2>\n<p>Ihre Anfrage leiten wir an unseren Vertriebspartner (KATRIN LANGER trading GmbH) weiter. Dieser sendet Ihnen ein verbindliches Angebot zu, welches Sie bei Kaufinteresse annehmen k\u00f6nnen. Der weitere Kaufvorgang und Vertragsabschluss erfolgt ebenfalls \u00fcber unseren Vertriebspartner KATRIN LANGER trading GmbH.<\/p>\n<h2>2. Kundenservice<\/h2>\n<p>Bei Fragen, Beschwerden oder Reklamationen nehmen Sie bitte Kontakt zu uns auf. Sie erreichen uns per E-Mail unter info@katrinlanger.com.<\/p>\n<h2>3. Versand und Versandkosten<\/h2>\n<p>Ihre Tasche wird liebevoll per Hand verpackt und \u00fcber die KATRIN LANGER trading GmbH an Sie geliefert.<\/p>\n<p><strong>Deutschland<\/strong><br \/>\nversandkostenfrei<\/p>\n<p><strong>Europ\u00e4ische Union<\/strong><br \/>\nLieferung nach Belgien, Bulgarien, D\u00e4nemark, Estland, Finnland, Frankreich, Griechenland, Gro\u00dfbritannien, Italien, Lettland, Litauen, Luxemburg, Niederlande, Malta, \u00d6sterreich, Polen, Portugal, Rum\u00e4nien, Schweden, Slowakei, Slowenien, Spanien, Tschechien, Ungarn und Zypern<br \/>\nversandkostenfrei<\/p>\n<p><strong>Weitere L\u00e4nder<\/strong><br \/>\nAustralien, Kanada, Katar, Indien, Japan, Liechtenstein, Monaco, Malaysia, Neuseeland, Norwegen, Philippinen, Saudi Arabien, Schweiz, Singapur, S\u00fcdafrika, S\u00fcdkorea, USA und Vereinigte Arabische Emirate<br \/>\nversandkostenfrei<\/p>\n<p>Sie erhalten die Artikel verzollt und versteuert.<\/p>\n","protected":false},"excerpt":{"rendered":"<p>1. Anfrage und Bestellung Ihre Anfrage leiten wir an unseren Vertriebspartner (KATRIN LANGER trading GmbH) weiter. Dieser sendet Ihnen ein verbindliches Angebot zu, welches Sie bei Kaufinteresse annehmen k\u00f6nnen. Der weitere Kaufvorgang und Vertragsabschluss erfolgt ebenfalls \u00fcber unseren Vertriebspartner KATRIN LANGER trading GmbH. 2. Kundenservice Bei Fragen, Beschwerden oder Reklamationen nehmen Sie bitte Kontakt zu [&hellip;]<\/p>\n","protected":false},"author":6,"featured_media":0,"parent":0,"menu_order":0,"comment_status":"closed","ping_status":"open","template":"page_nurtext.php","meta":[],"_links":{"self":[{"href":"https:\/\/katrinlanger.com\/de\/wp-json\/wp\/v2\/pages\/1977\/"}],"collection":[{"href":"https:\/\/katrinlanger.com\/de\/wp-json\/wp\/v2\/pages\/"}],"about":[{"href":"https:\/\/katrinlanger.com\/de\/wp-json\/wp\/v2\/types\/page\/"}],"author":[{"embeddable":true,"href":"https:\/\/katrinlanger.com\/de\/wp-json\/wp\/v2\/users\/6\/"}],"replies":[{"embeddable":true,"href":"https:\/\/katrinlanger.com\/de\/wp-json\/wp\/v2\/comments\/?post=1977"}],"version-history":[{"count":7,"href":"https:\/\/katrinlanger.com\/de\/wp-json\/wp\/v2\/pages\/1977\/revisions\/"}],"predecessor-version":[{"id":2294,"href":"https:\/\/katrinlanger.com\/de\/wp-json\/wp\/v2\/pages\/1977\/revisions\/2294\/"}],"wp:attachment":[{"href":"https:\/\/katrinlanger.com\/de\/wp-json\/wp\/v2\/media\/?parent=1977"}],"curies":[{"name":"wp","href":"https:\/\/api.w.org\/{rel}","templated":true}]}}